{"id":2233,"date":"2023-05-08T12:40:02","date_gmt":"2023-05-08T10:40:02","guid":{"rendered":"https:\/\/bitcuneo.tech\/?page_id=2233"},"modified":"2025-03-06T17:50:06","modified_gmt":"2025-03-06T16:50:06","slug":"che-cose-bitcoin","status":"publish","type":"page","link":"https:\/\/bitcuneo.it\/index.php\/che-cose-bitcoin\/","title":{"rendered":"COS&#8217;\u00c8 BITCOIN"},"content":{"rendered":"\n<h1 class=\"wp-block-heading has-text-align-center has-ast-global-color-5-color has-text-color has-x-large-font-size\">come funziona bitcoin?<\/h1>\n\n\n\n<h5 class=\"wp-block-heading has-text-align-center\">Che ne dici di partire con un video della BBC? <\/h5>\n\n\n\n<div class=\"wp-block-buttons is-content-justification-center is-layout-flex wp-container-core-buttons-is-layout-1 wp-block-buttons-is-layout-flex\">\n<div class=\"wp-block-button\"><a class=\"wp-block-button__link has-text-align-center wp-element-button\" href=\"https:\/\/www.youtube.com\/watch?v=SzAuB2FG79A\">Come funziona?<\/a><\/div>\n<\/div>\n\n\n\n<div class=\"wp-block-uagb-container uagb-block-9bed8978 alignfull uagb-is-root-container\"><div class=\"uagb-container-inner-blocks-wrap\">\n<div style=\"height:63px\" aria-hidden=\"true\" class=\"wp-block-spacer\"><\/div>\n<\/div><\/div>\n\n\n\n<h2 class=\"wp-block-heading has-text-align-center has-large-font-size\"><strong>Basi del protocollo Bitcoin<\/strong><\/h2>\n\n\n\n<div class=\"inherit-container-width wp-block-group is-layout-constrained wp-block-group-is-layout-constrained\">\n<p><strong>Bitcoin <\/strong>\u00e8 una raccolta di <strong>concetti e tecnologie<\/strong> che formano le basi per un <strong>ecosistema di denaro digitale<\/strong>. Le unit\u00e0 di valuta chiamate <strong>bitcoin <\/strong>vengono utilizzate per<strong> immagazzinare e trasferire valore<\/strong> tra i partecipanti della <strong>rete<\/strong>. Gli utenti comunicano tra loro utilizzando il <strong>protocollo Bitcoin<\/strong> principalmente attraverso internet, sebbene possano essere utilizzate altre reti di trasporto. L\u2019intero protocollo Bitcoin, disponibile come codice <strong>open source<\/strong>, pu\u00f2 essere infatti utilizzato su un\u2019ampia gamma di dispositivi come pc e smartphone, rendendo questa tecnologia facilmente accessibile da chiunque.<\/p>\n\n\n\n<p>Gli utenti possono <strong>trasferire bitcoin<\/strong> sulla rete per fare praticamente tutto ci\u00f2 che viene effettuato con le <strong>valute tradizionali<\/strong>, tra cui <strong>comprare e vendere beni<\/strong>, inviare denaro a persone, organizzazioni e aziende o estendere il credito. I bitcoin possono essere <strong>acquistati, venduti e scambiati<\/strong> allo stesso modo di qualsiasi valuta Fiat tramite una moltitudine di intermediari finanziari (il numero \u00e8 in continua crescita). Bitcoin si contraddistingue per essere la migliore forma di denaro per internet perch\u00e9 veloce, sicuro e senza confini.<\/p>\n\n\n\n<p>A differenza delle valute tradizionali, i bitcoin sono <strong>interamente virtuali<\/strong> e le monete sono implicite nelle transazioni che trasferiscono il valore dal <strong>mittente al destinatario<\/strong>. Gli utenti possiedono <strong>chiavi crittografiche<\/strong> che consentono loro di dimostrare la propriet\u00e0 dei bitcoin nella rete. Con queste chiavi possono firmare le transazioni per sbloccare il valore e spenderlo trasferendolo a un nuovo proprietario. Le chiavi vengono memorizzate su <strong>wallet <\/strong>di diverso tipo e il possesso delle chiavi che possono firmare una transazione \u00e8 l\u2019unico prerequisito per spendere bitcoin, consentendo a ciascun utente che sceglie di farlo di disporre in maniera esclusiva del controllo sui propri fondi.<\/p>\n\n\n\n<p>Bitcoin \u00e8 un <strong>sistema distribuito, peer-to-peer<\/strong>. Come tale <strong>non esiste un server &#8220;centrale&#8221;<\/strong> o un punto di controllo. I Bitcoin vengono creati attraverso un processo chiamato &#8220;<strong>mining<\/strong>&#8220;, che comporta la competizione per trovare soluzioni a un <strong>problema matematico<\/strong> durante l\u2019elaborazione delle transazioni bitcoin. Qualsiasi partecipante alla rete bitcoin, ovvero chiunque esegua un &#8220;<strong>bitcoin full node<\/strong>&#8220;, pu\u00f2 operare come miner, utilizzando la potenza di elaborazione di cui dispone per verificare e registrare le transazioni. Ogni 10 minuti in media, un miner nel mondo \u00e8 in grado di convalidare le transazioni degli ultimi 10 minuti includendole in un nuovo &#8220;<strong>blocco<\/strong>&#8221; e venendo per questo ricompensato con l\u2019emissione di nuovi bitcoin. Essenzialmente, il mining di bitcoin <strong>decentralizza la funzione di emissione di valuta di una banca centrale<\/strong>.<\/p>\n\n\n\n<p>Il protocollo include inoltre algoritmi che regolano la funzione di mining attraverso la rete. La <strong>difficolt\u00e0 <\/strong>del processo che i miner devono eseguire \u00e8 regolata dinamicamente in modo tale che, in media, qualcuno ci riesca ogni dieci minuti, indipendentemente da quanti (e quanta elaborazione) siano in competizione in qualsiasi momento. Il protocollo dimezza inoltre, attraverso un meccanismo di <strong>halving<\/strong>, la velocit\u00e0 con cui vengono creati nuovi bitcoin <strong>ogni 4 anni<\/strong> e fissa l\u2019emissione di bitcoin ad un <strong>totale di 21 milioni di unit\u00e0<\/strong>. Il risultato \u00e8 che il numero di bitcoin in circolazione segue l\u2019andamento di una curva facilmente prevedibile che raggiunger\u00e0 la completa emissione circa nel 2140.<br>Bitcoin non pu\u00f2 essere inflazionato &#8220;stampando&#8221; nuovo denaro oltre al tasso di emissione previsto dal protocollo anzi, grazie alla diminuzione del tasso di emissione, nel lungo periodo, la valuta \u00e8 destinata a deflazionarsi.<\/p>\n\n\n\n<p>Dietro le quinte, il <strong>bitcoin <\/strong>\u00e8 anche il nome del protocollo, una rete <strong>peer-to-peer<\/strong> e un nuovo paradigma di rete di <strong>calcolo distribuito<\/strong>. Bitcoin come valuta \u00e8 in realt\u00e0 solo la prima applicazione di questa nuova invenzione. Bitcoin rappresenta infatti, per le comunit\u00e0 informatiche e non, il culmine di decenni di ricerca in crittografia e sistemi distribuiti e include quattro innovazioni chiave riunite in un\u2019unica combinazione.<\/p>\n\n\n\n<p>Bitcoin consiste di:<\/p>\n\n\n\n<ul class=\"wp-block-list\">\n<li><strong>IL PROTOCOLLO BITCOIN<\/strong> &#8211; Un network peer-to-peer decentralizzato<\/li>\n\n\n\n<li><strong>LA BLOCKCHAIN<\/strong> &#8211; Un libro-mastro di transazioni, pubblico e immutabile<\/li>\n\n\n\n<li><strong>IL CONSENSUS<\/strong> &#8211; Un insieme di regole condivise per la convalida indipendente delle transazioni e l\u2019emissione dei nuovi blocchi)<\/li>\n\n\n\n<li><strong>ALGORITMO Proof-Of-Work<\/strong>  &#8211; Sistema con cui i miner competono su scala globale usando elettricit\u00e0 potenza di calcolo per validare transazioni, assicurando un consenso decentralizzato<\/li>\n<\/ul>\n\n\n\n<p>Bitcoin si posiziona quindi come un\u2019<strong>estensione di Internet<\/strong>, una rete per la propagazione del valore e per la garanzia della propriet\u00e0 delle risorse digitali tramite il calcolo distribuito.<\/p>\n<\/div>\n\n\n\n<hr class=\"wp-block-separator has-text-color has-luminous-vivid-amber-color has-alpha-channel-opacity has-luminous-vivid-amber-background-color has-background\"\/>\n\n\n\n<div class=\"inherit-container-width wp-block-group is-layout-constrained wp-block-group-is-layout-constrained\">\n<div class=\"wp-block-uagb-container uagb-block-8db8fbe1 default uagb-is-root-container\">\n<div class=\"wp-block-uagb-container uagb-block-42b551db\">\n<div class=\"wp-block-uagb-advanced-heading uagb-block-097e9cfc\"><h2 class=\"uagb-heading-text\">VUOI CONOSCERE MEGLIO IL PROTOCOLLO BITCOIN?<\/h2><\/div>\n\n\n\n<p>SEGUI LE LEZIONI SU YOUTUBE DI BITGENERATION!<\/p>\n<\/div>\n\n\n\n<div class=\"wp-block-uagb-container uagb-block-c79cd9c4\">\n<p class=\"has-text-align-center has-ast-global-color-5-color has-text-color\">BitGeneration \u00e8 un corso di 30 ore in 10 lezioni fatto dai ragazzi di BitPolito (team studentesco del Politecnico di Torino) per le scuole superiori e reso disponibile gratuitamente sul loro canale youtube. Che aspetti a conoscere tutto su Bitcoin?<\/p>\n<\/div>\n<\/div>\n\n\n\n<div class=\"wp-block-buttons is-content-justification-center is-layout-flex wp-container-core-buttons-is-layout-2 wp-block-buttons-is-layout-flex\">\n<div class=\"wp-block-button has-custom-width wp-block-button__width-75 has-custom-font-size has-medium-font-size\"><a class=\"wp-block-button__link has-text-align-center wp-element-button\" href=\"https:\/\/www.youtube.com\/playlist?list=PLULVsTaDFgqRDIcQ7D7T3_3AkMqOwtFuD\" target=\"_blank\" rel=\"noreferrer noopener\">BITGENERATION<\/a><\/div>\n<\/div>\n<\/div>\n\n\n\n<div class=\"wp-block-group is-layout-constrained wp-block-group-is-layout-constrained\">\n<h3 class=\"wp-block-heading has-text-align-center\"><em>ALTRE RISORSE<\/em><\/h3>\n<\/div>\n\n\n\n<p class=\"has-text-align-center has-medium-font-size\">Questo elenco di risorse interamente <strong>in italiano<\/strong> copre tutti gli aspetti principali del protocollo Bitcoin, utilissimo per approfondire!<\/p>\n\n\n\n<p class=\"has-text-align-center has-medium-font-size\"><a href=\"https:\/\/github.com\/mirserena\/risorsebitcoin\/blob\/main\/README.md\">https:\/\/github.com\/mirserena\/risorsebitcoin\/blob\/main\/README.md<\/a><\/p>\n\n\n\n<p><\/p>\n","protected":false},"excerpt":{"rendered":"<p>come funziona bitcoin? Che ne dici di partire con un video della BBC? Basi del protocollo Bitcoin Bitcoin \u00e8 una raccolta di concetti e tecnologie che formano le basi per un ecosistema di denaro digitale. Le unit\u00e0 di valuta chiamate bitcoin vengono utilizzate per immagazzinare e trasferire valore tra i partecipanti della rete. Gli utenti [&hellip;]<\/p>\n","protected":false},"author":1,"featured_media":0,"parent":0,"menu_order":0,"comment_status":"closed","ping_status":"closed","template":"","meta":{"_uag_custom_page_level_css":"","site-sidebar-layout":"default","site-content-layout":"","ast-site-content-layout":"default","site-content-style":"default","site-sidebar-style":"default","ast-global-header-display":"","ast-banner-title-visibility":"","ast-main-header-display":"","ast-hfb-above-header-display":"","ast-hfb-below-header-display":"","ast-hfb-mobile-header-display":"","site-post-title":"disabled","ast-breadcrumbs-content":"","ast-featured-img":"","footer-sml-layout":"","ast-disable-related-posts":"","theme-transparent-header-meta":"","adv-header-id-meta":"","stick-header-meta":"","header-above-stick-meta":"","header-main-stick-meta":"","header-below-stick-meta":"","astra-migrate-meta-layouts":"set","ast-page-background-enabled":"default","ast-page-background-meta":{"desktop":{"background-color":"var(--ast-global-color-4)","background-image":"","background-repeat":"repeat","background-position":"center center","background-size":"auto","background-attachment":"scroll","background-type":"","background-media":"","overlay-type":"","overlay-color":"","overlay-opacity":"","overlay-gradient":""},"tablet":{"background-color":"","background-image":"","background-repeat":"repeat","background-position":"center center","background-size":"auto","background-attachment":"scroll","background-type":"","background-media":"","overlay-type":"","overlay-color":"","overlay-opacity":"","overlay-gradient":""},"mobile":{"background-color":"","background-image":"","background-repeat":"repeat","background-position":"center center","background-size":"auto","background-attachment":"scroll","background-type":"","background-media":"","overlay-type":"","overlay-color":"","overlay-opacity":"","overlay-gradient":""}},"ast-content-background-meta":{"desktop":{"background-color":"var(--ast-global-color-5)","background-image":"","background-repeat":"repeat","background-position":"center center","background-size":"auto","background-attachment":"scroll","background-type":"","background-media":"","overlay-type":"","overlay-color":"","overlay-opacity":"","overlay-gradient":""},"tablet":{"background-color":"var(--ast-global-color-5)","background-image":"","background-repeat":"repeat","background-position":"center center","background-size":"auto","background-attachment":"scroll","background-type":"","background-media":"","overlay-type":"","overlay-color":"","overlay-opacity":"","overlay-gradient":""},"mobile":{"background-color":"var(--ast-global-color-5)","background-image":"","background-repeat":"repeat","background-position":"center center","background-size":"auto","background-attachment":"scroll","background-type":"","background-media":"","overlay-type":"","overlay-color":"","overlay-opacity":"","overlay-gradient":""}},"footnotes":""},"class_list":["post-2233","page","type-page","status-publish","hentry"],"yoast_head":"<!-- This site is optimized with the Yoast SEO plugin v24.6 - https:\/\/yoast.com\/wordpress\/plugins\/seo\/ -->\n<title>COS&#039;\u00c8 BITCOIN -<\/title>\n<meta name=\"robots\" content=\"index, follow, max-snippet:-1, max-image-preview:large, max-video-preview:-1\" \/>\n<link rel=\"canonical\" href=\"https:\/\/bitcuneo.it\/index.php\/che-cose-bitcoin\/\" \/>\n<meta property=\"og:locale\" content=\"it_IT\" \/>\n<meta property=\"og:type\" content=\"article\" \/>\n<meta property=\"og:title\" content=\"COS&#039;\u00c8 BITCOIN -\" \/>\n<meta property=\"og:description\" content=\"come funziona bitcoin? Che ne dici di partire con un video della BBC? Basi del protocollo Bitcoin Bitcoin \u00e8 una raccolta di concetti e tecnologie che formano le basi per un ecosistema di denaro digitale. Le unit\u00e0 di valuta chiamate bitcoin vengono utilizzate per immagazzinare e trasferire valore tra i partecipanti della rete. Gli utenti [&hellip;]\" \/>\n<meta property=\"og:url\" content=\"https:\/\/bitcuneo.it\/index.php\/che-cose-bitcoin\/\" \/>\n<meta property=\"article:modified_time\" content=\"2025-03-06T16:50:06+00:00\" \/>\n<meta name=\"twitter:card\" content=\"summary_large_image\" \/>\n<meta name=\"twitter:label1\" content=\"Tempo di lettura stimato\" \/>\n\t<meta name=\"twitter:data1\" content=\"5 minuti\" \/>\n<script type=\"application\/ld+json\" class=\"yoast-schema-graph\">{\"@context\":\"https:\/\/schema.org\",\"@graph\":[{\"@type\":\"WebPage\",\"@id\":\"https:\/\/bitcuneo.it\/index.php\/che-cose-bitcoin\/\",\"url\":\"https:\/\/bitcuneo.it\/index.php\/che-cose-bitcoin\/\",\"name\":\"COS'\u00c8 BITCOIN -\",\"isPartOf\":{\"@id\":\"https:\/\/bitcuneo.it\/#website\"},\"datePublished\":\"2023-05-08T10:40:02+00:00\",\"dateModified\":\"2025-03-06T16:50:06+00:00\",\"breadcrumb\":{\"@id\":\"https:\/\/bitcuneo.it\/index.php\/che-cose-bitcoin\/#breadcrumb\"},\"inLanguage\":\"it-IT\",\"potentialAction\":[{\"@type\":\"ReadAction\",\"target\":[\"https:\/\/bitcuneo.it\/index.php\/che-cose-bitcoin\/\"]}]},{\"@type\":\"BreadcrumbList\",\"@id\":\"https:\/\/bitcuneo.it\/index.php\/che-cose-bitcoin\/#breadcrumb\",\"itemListElement\":[{\"@type\":\"ListItem\",\"position\":1,\"name\":\"Home\",\"item\":\"https:\/\/bitcuneo.it\/\"},{\"@type\":\"ListItem\",\"position\":2,\"name\":\"COS&#8217;\u00c8 BITCOIN\"}]},{\"@type\":\"WebSite\",\"@id\":\"https:\/\/bitcuneo.it\/#website\",\"url\":\"https:\/\/bitcuneo.it\/\",\"name\":\"bitcuneo.it\",\"description\":\"\",\"potentialAction\":[{\"@type\":\"SearchAction\",\"target\":{\"@type\":\"EntryPoint\",\"urlTemplate\":\"https:\/\/bitcuneo.it\/?s={search_term_string}\"},\"query-input\":{\"@type\":\"PropertyValueSpecification\",\"valueRequired\":true,\"valueName\":\"search_term_string\"}}],\"inLanguage\":\"it-IT\"}]}<\/script>\n<!-- \/ Yoast SEO plugin. -->","yoast_head_json":{"title":"COS'\u00c8 BITCOIN -","robots":{"index":"index","follow":"follow","max-snippet":"max-snippet:-1","max-image-preview":"max-image-preview:large","max-video-preview":"max-video-preview:-1"},"canonical":"https:\/\/bitcuneo.it\/index.php\/che-cose-bitcoin\/","og_locale":"it_IT","og_type":"article","og_title":"COS'\u00c8 BITCOIN -","og_description":"come funziona bitcoin? Che ne dici di partire con un video della BBC? Basi del protocollo Bitcoin Bitcoin \u00e8 una raccolta di concetti e tecnologie che formano le basi per un ecosistema di denaro digitale. Le unit\u00e0 di valuta chiamate bitcoin vengono utilizzate per immagazzinare e trasferire valore tra i partecipanti della rete. Gli utenti [&hellip;]","og_url":"https:\/\/bitcuneo.it\/index.php\/che-cose-bitcoin\/","article_modified_time":"2025-03-06T16:50:06+00:00","twitter_card":"summary_large_image","twitter_misc":{"Tempo di lettura stimato":"5 minuti"},"schema":{"@context":"https:\/\/schema.org","@graph":[{"@type":"WebPage","@id":"https:\/\/bitcuneo.it\/index.php\/che-cose-bitcoin\/","url":"https:\/\/bitcuneo.it\/index.php\/che-cose-bitcoin\/","name":"COS'\u00c8 BITCOIN -","isPartOf":{"@id":"https:\/\/bitcuneo.it\/#website"},"datePublished":"2023-05-08T10:40:02+00:00","dateModified":"2025-03-06T16:50:06+00:00","breadcrumb":{"@id":"https:\/\/bitcuneo.it\/index.php\/che-cose-bitcoin\/#breadcrumb"},"inLanguage":"it-IT","potentialAction":[{"@type":"ReadAction","target":["https:\/\/bitcuneo.it\/index.php\/che-cose-bitcoin\/"]}]},{"@type":"BreadcrumbList","@id":"https:\/\/bitcuneo.it\/index.php\/che-cose-bitcoin\/#breadcrumb","itemListElement":[{"@type":"ListItem","position":1,"name":"Home","item":"https:\/\/bitcuneo.it\/"},{"@type":"ListItem","position":2,"name":"COS&#8217;\u00c8 BITCOIN"}]},{"@type":"WebSite","@id":"https:\/\/bitcuneo.it\/#website","url":"https:\/\/bitcuneo.it\/","name":"bitcuneo.it","description":"","potentialAction":[{"@type":"SearchAction","target":{"@type":"EntryPoint","urlTemplate":"https:\/\/bitcuneo.it\/?s={search_term_string}"},"query-input":{"@type":"PropertyValueSpecification","valueRequired":true,"valueName":"search_term_string"}}],"inLanguage":"it-IT"}]}},"uagb_featured_image_src":{"full":false,"thumbnail":false,"medium":false,"medium_large":false,"large":false,"1536x1536":false,"2048x2048":false},"uagb_author_info":{"display_name":"blancheandre123@proton.me","author_link":"https:\/\/bitcuneo.it\/index.php\/author\/blancheandre123proton-me\/"},"uagb_comment_info":0,"uagb_excerpt":"come funziona bitcoin? Che ne dici di partire con un video della BBC? Basi del protocollo Bitcoin Bitcoin \u00e8 una raccolta di concetti e tecnologie che formano le basi per un ecosistema di denaro digitale. Le unit\u00e0 di valuta chiamate bitcoin vengono utilizzate per immagazzinare e trasferire valore tra i partecipanti della rete. Gli utenti&hellip;","_links":{"self":[{"href":"https:\/\/bitcuneo.it\/index.php\/wp-json\/wp\/v2\/pages\/2233","targetHints":{"allow":["GET"]}}],"collection":[{"href":"https:\/\/bitcuneo.it\/index.php\/wp-json\/wp\/v2\/pages"}],"about":[{"href":"https:\/\/bitcuneo.it\/index.php\/wp-json\/wp\/v2\/types\/page"}],"author":[{"embeddable":true,"href":"https:\/\/bitcuneo.it\/index.php\/wp-json\/wp\/v2\/users\/1"}],"replies":[{"embeddable":true,"href":"https:\/\/bitcuneo.it\/index.php\/wp-json\/wp\/v2\/comments?post=2233"}],"version-history":[{"count":70,"href":"https:\/\/bitcuneo.it\/index.php\/wp-json\/wp\/v2\/pages\/2233\/revisions"}],"predecessor-version":[{"id":3727,"href":"https:\/\/bitcuneo.it\/index.php\/wp-json\/wp\/v2\/pages\/2233\/revisions\/3727"}],"wp:attachment":[{"href":"https:\/\/bitcuneo.it\/index.php\/wp-json\/wp\/v2\/media?parent=2233"}],"curies":[{"name":"wp","href":"https:\/\/api.w.org\/{rel}","templated":true}]}}