{"id":2683,"date":"2023-05-13T20:15:35","date_gmt":"2023-05-13T18:15:35","guid":{"rendered":"https:\/\/bitcuneo.tech\/?page_id=2683"},"modified":"2026-02-14T14:33:46","modified_gmt":"2026-02-14T13:33:46","slug":"about","status":"publish","type":"page","link":"https:\/\/bitcuneo.it\/index.php\/about\/","title":{"rendered":"ABOUT"},"content":{"rendered":"\n<div class=\"wp-block-uagb-container uagb-block-ef5c5e47 default uagb-is-root-container\">\n<div class=\"wp-block-uagb-container uagb-block-5ea781cc\">\n<figure class=\"wp-block-image size-full is-resized\"><img loading=\"lazy\" decoding=\"async\" width=\"2000\" height=\"1414\" src=\"https:\/\/bitcuneo.it\/wp-content\/uploads\/2023\/12\/Progetto-senza-titolo-1-2-2-2.png\" alt=\"\" class=\"wp-image-3285\" style=\"width:584px;height:auto\" srcset=\"https:\/\/bitcuneo.it\/wp-content\/uploads\/2023\/12\/Progetto-senza-titolo-1-2-2-2.png 2000w, https:\/\/bitcuneo.it\/wp-content\/uploads\/2023\/12\/Progetto-senza-titolo-1-2-2-2-300x212.png 300w, https:\/\/bitcuneo.it\/wp-content\/uploads\/2023\/12\/Progetto-senza-titolo-1-2-2-2-1024x724.png 1024w, https:\/\/bitcuneo.it\/wp-content\/uploads\/2023\/12\/Progetto-senza-titolo-1-2-2-2-768x543.png 768w, https:\/\/bitcuneo.it\/wp-content\/uploads\/2023\/12\/Progetto-senza-titolo-1-2-2-2-1536x1086.png 1536w\" sizes=\"auto, (max-width: 2000px) 100vw, 2000px\" \/><\/figure>\n\n\n\n<p class=\"has-text-align-center has-medium-font-size\"><strong>BITCUNEO nasce nel 2022 da un gruppo di ragazzi cuneesi appassionati, ognuno a modo suo, al protocollo Bitcoin.<\/strong><br><\/p>\n<\/div>\n<\/div>\n\n\n\n<div class=\"wp-block-uagb-container uagb-block-d81c3f48 default uagb-is-root-container\">\n<p class=\"has-text-align-center\">L&#8217;obiettivo di BITCUNEO \u00e8 essere un punto di riferimento per la comunit\u00e0 cuneese che sempre pi\u00f9 velocemente si affaccia al mondo di bitcoin proponendo un&#8217;informazione consapevole e incentivando le persone a informarsi in modo autonomo sull&#8217;argomento.<\/p>\n\n\n\n<p class=\"has-text-align-center\">Riteniamo Bitcoin una delle rivoluzioni tecnologiche del nostro secolo e come tale, vogliamo incentivarne l&#8217;adozione per dare la possibilit\u00e0 a pi\u00f9 persone possibili di utilizzarla e trarne vantaggio.<\/p>\n\n\n\n<p class=\"has-text-align-center\">Inoltre Bitcoin per noi \u00e8 molto di pi\u00f9. Bitcoin ad oggi, \u00e8 gi\u00e0 potenziale soluzione per circa 1.4 miliardi di persone nel mondo che ancora non hanno accesso a servizi bancari e sono costretti all&#8217;uso esclusivo di contante o baratto. L&#8217;inflazione (e l&#8217;iperinflazione) che solitamente contraddistingue i paesi con un alto tasso di unbanked aggrava e deteriora ulteriormente i risparmi e la situazione finanziaria di tutte quelle persone. <\/p>\n\n\n\n<h2 class=\"wp-block-heading has-text-align-center has-x-large-font-size\">FAQ<\/h2>\n\n\n\n<ul class=\"wp-block-list\">\n<li><strong><em>Che cos&#8217;\u00e8 Bitcuneo e qual&#8217;\u00e8 la sua missione?<\/em><\/strong><br>Bitcuneo \u00e8 un&#8217;iniziativa no-profit portata avanti da volontari con l&#8217;obiettivo comune di promuovere l&#8217;educazione e la sensibilizzazione del pubblico riguardo la conoscenza e l&#8217;adozione consapevole di Bitcoin nella provincia di Cuneo.     <\/li>\n\n\n\n<li><strong><em>Come posso rimanere aggiornato sugli eventi organizzati da Bitcuneo?<\/em><\/strong><br>Seguendo il sito ufficiale o la nostra pagina Instagram @Bitcuneo \u00e8 possibile rimanere sempre aggiornati su eventi e workshop organizzati sul territorio.       <\/li>\n\n\n\n<li><strong><em>Come posso contribuire o sostenere Bitcuneo?<\/em><\/strong>                                                                                                                                                Bitcuneo \u00e8 un&#8217;iniziativa aperta a tutti! Non esitare a contattarci se sei desideroso di dare una mano in qualsiasi modo con il progetto<\/li>\n\n\n\n<li><strong><em>Come contattare Bitcuneo per domande o collaborazioni?<\/em><br><\/strong>Puoi usare il modulo di contatto sul sito per qualsiasi domanda o proposta di collaborazione. In alternativa, l&#8217;indirizzo email per scriverci direttamente \u00e8: bitcuneoassociation@gmail.com<\/li>\n\n\n\n<li><strong><em>Devo essere un esperto di Bitcoin per partecipare agli eventi e agli incontri organizzati?<\/em><\/strong><br>No, gli eventi e sono aperti a tutti, dai principianti agli esperti.              <\/li>\n\n\n\n<li><strong><em>Dove si svolgono gli eventi di Bitcuneo?<\/em><\/strong><br>Gli eventi si tengono principalmente a Cuneo, ma le sedi esatte saranno specificate per ogni evento.<\/li>\n\n\n\n<li><strong><em>Bitcuneo offre consulenze private per l&#8217;adozione di Bitcoin?<\/em><\/strong><br>No, attualmente non vengono fornite nessun tipo di consulenza per privati ed aziende<\/li>\n<\/ul>\n\n\n\n<h3 class=\"wp-block-heading has-text-align-center\">Studia il funzionamento di Bitcoin e comprendi anche tu come questa tecnologia pu\u00f2 cambiare il Mondo<\/h3>\n<\/div>\n\n\n\n<div class=\"wp-block-uagb-container uagb-block-5885c14d alignfull uagb-is-root-container\"><div class=\"uagb-container-inner-blocks-wrap\">\n<h3 class=\"wp-block-heading has-text-align-center\">I NOSTRI EVENTI PASSATI<\/h3>\n\n\n\n<p class=\"has-text-align-center\" style=\"font-size:21px\">Edizione 2023<\/p>\n\n\n\n<p class=\"has-text-align-center\" style=\"font-size:18px\">In collaborazione con il team studentesco del Politecnico di Torino &#8220;BitPoliTo&#8221; e l\u2019<strong>associazione<\/strong> <strong>AttivaMente di Beinette<\/strong>, il nostro primo incontro per spiegare che cos&#8217;\u00e8 Bitcoin, come funziona e perch\u00e8 \u00e8 nato!<\/p>\n\n\n\n<div class=\"wp-block-uagb-container uagb-block-210e6daf\">\n<div class=\"wp-block-uagb-container uagb-block-b9bf00a1\">\n<div class=\"wp-block-uagb-image aligncenter uagb-block-8ea344a9 wp-block-uagb-image--layout-default wp-block-uagb-image--effect-static wp-block-uagb-image--align-center\"><figure class=\"wp-block-uagb-image__figure\"><img decoding=\"async\" srcset=\"https:\/\/bitcuneo.it\/wp-content\/uploads\/2023\/05\/9B4DCF47-5A7D-41FB-8192-81831FF95D0A.jpeg \" sizes=\"auto, (max-width: 480px) 150px\" src=\"https:\/\/bitcuneo.it\/wp-content\/uploads\/2023\/05\/9B4DCF47-5A7D-41FB-8192-81831FF95D0A.jpeg\" alt=\"\" class=\"uag-image-3123\" width=\"649\" height=\"478\" title=\"\" loading=\"lazy\" role=\"presentation\"\/><\/figure><\/div>\n<\/div>\n\n\n\n<div class=\"wp-block-uagb-container uagb-block-4dd16555\">\n<div class=\"wp-block-uagb-image aligncenter uagb-block-4ebea549 wp-block-uagb-image--layout-default wp-block-uagb-image--effect-static wp-block-uagb-image--align-center\"><figure class=\"wp-block-uagb-image__figure\"><img decoding=\"async\" srcset=\"https:\/\/bitcuneo.it\/wp-content\/uploads\/2023\/05\/16F867D3-E512-4D9E-B6AC-B9B91C21F883.jpeg \" sizes=\"auto, (max-width: 480px) 150px\" src=\"https:\/\/bitcuneo.it\/wp-content\/uploads\/2023\/05\/16F867D3-E512-4D9E-B6AC-B9B91C21F883.jpeg\" alt=\"\" class=\"uag-image-3124\" width=\"750\" height=\"563\" title=\"\" loading=\"lazy\" role=\"img\"\/><\/figure><\/div>\n<\/div>\n<\/div>\n\n\n\n<div class=\"wp-block-uagb-container uagb-block-c702c56d\">\n<div class=\"wp-block-uagb-container uagb-block-b3e76b83\">\n<div class=\"wp-block-uagb-image aligncenter uagb-block-2002434d wp-block-uagb-image--layout-default wp-block-uagb-image--effect-static wp-block-uagb-image--align-center\"><figure class=\"wp-block-uagb-image__figure\"><img decoding=\"async\" srcset=\"https:\/\/bitcuneo.it\/wp-content\/uploads\/2023\/05\/ED9F9C8D-9761-4BC7-ABC6-44CBEFC9ECFB.jpeg \" sizes=\"auto, (max-width: 480px) 150px\" src=\"https:\/\/bitcuneo.it\/wp-content\/uploads\/2023\/05\/ED9F9C8D-9761-4BC7-ABC6-44CBEFC9ECFB.jpeg\" alt=\"\" class=\"uag-image-3125\" width=\"750\" height=\"555\" title=\"\" loading=\"lazy\" role=\"img\"\/><\/figure><\/div>\n<\/div>\n\n\n\n<div class=\"wp-block-uagb-container uagb-block-14de99ec\">\n<div class=\"wp-block-uagb-image aligncenter uagb-block-15f98fd5 wp-block-uagb-image--layout-default wp-block-uagb-image--effect-static wp-block-uagb-image--align-center\"><figure class=\"wp-block-uagb-image__figure\"><img decoding=\"async\" srcset=\"https:\/\/bitcuneo.it\/wp-content\/uploads\/2023\/05\/1B3EB9E5-BFD2-417B-A2E8-B3FC25026774.jpeg \" sizes=\"auto, (max-width: 480px) 150px\" src=\"https:\/\/bitcuneo.it\/wp-content\/uploads\/2023\/05\/1B3EB9E5-BFD2-417B-A2E8-B3FC25026774.jpeg\" alt=\"\" class=\"uag-image-3126\" width=\"750\" height=\"561\" title=\"\" loading=\"lazy\" role=\"img\"\/><\/figure><\/div>\n<\/div>\n<\/div>\n<\/div><\/div>\n\n\n\n<div class=\"wp-block-uagb-container uagb-block-b2edf1a2 alignfull uagb-is-root-container\"><div class=\"uagb-container-inner-blocks-wrap\">\n<p class=\"has-text-align-center has-large-font-size\"><strong>Edizione 2024 <\/strong>presso lo &#8220;Spazio Varco&#8221;<\/p>\n\n\n\n<figure class=\"wp-block-image aligncenter size-large is-resized\"><img loading=\"lazy\" decoding=\"async\" width=\"1024\" height=\"511\" src=\"https:\/\/bitcuneo.it\/wp-content\/uploads\/2024\/02\/Screenshot-2024-02-01-alle-20.30.18-1024x511.png\" alt=\"\" class=\"wp-image-3457\" style=\"width:731px;height:auto\" srcset=\"https:\/\/bitcuneo.it\/wp-content\/uploads\/2024\/02\/Screenshot-2024-02-01-alle-20.30.18-1024x511.png 1024w, https:\/\/bitcuneo.it\/wp-content\/uploads\/2024\/02\/Screenshot-2024-02-01-alle-20.30.18-300x150.png 300w, https:\/\/bitcuneo.it\/wp-content\/uploads\/2024\/02\/Screenshot-2024-02-01-alle-20.30.18-768x383.png 768w, https:\/\/bitcuneo.it\/wp-content\/uploads\/2024\/02\/Screenshot-2024-02-01-alle-20.30.18-1536x766.png 1536w, https:\/\/bitcuneo.it\/wp-content\/uploads\/2024\/02\/Screenshot-2024-02-01-alle-20.30.18-2048x1022.png 2048w\" sizes=\"auto, (max-width: 1024px) 100vw, 1024px\" \/><\/figure>\n<\/div><\/div>\n\n\n\n<div class=\"wp-block-uagb-container uagb-block-c732d024 alignfull uagb-is-root-container\"><div class=\"uagb-container-inner-blocks-wrap\">\n<p class=\"has-large-font-size\">Edizione 2025 presso il centro incontri della provincia di Cuneo<\/p>\n\n\n\n<div class=\"wp-block-uagb-container uagb-block-03d75efb\">\n<div class=\"wp-block-uagb-container uagb-block-408a065e\">\n<div class=\"wp-block-uagb-image aligncenter uagb-block-24b36eea wp-block-uagb-image--layout-default wp-block-uagb-image--effect-static wp-block-uagb-image--align-center\"><figure class=\"wp-block-uagb-image__figure\"><img decoding=\"async\" srcset=\"https:\/\/bitcuneo.it\/wp-content\/uploads\/2026\/02\/DSC_0234-1024x683.jpg ,https:\/\/bitcuneo.it\/wp-content\/uploads\/2026\/02\/DSC_0234-scaled.jpg 780w, https:\/\/bitcuneo.it\/wp-content\/uploads\/2026\/02\/DSC_0234-scaled.jpg 360w\" sizes=\"auto, (max-width: 480px) 150px\" src=\"https:\/\/bitcuneo.it\/wp-content\/uploads\/2026\/02\/DSC_0234-1024x683.jpg\" alt=\"\" class=\"uag-image-3893\" width=\"1024\" height=\"683\" title=\"DSC_0234\" loading=\"lazy\" role=\"img\"\/><\/figure><\/div>\n<\/div>\n\n\n\n<div class=\"wp-block-uagb-container uagb-block-b93e0d9e\">\n<div class=\"wp-block-uagb-image aligncenter uagb-block-d3ca7ff0 wp-block-uagb-image--layout-default wp-block-uagb-image--effect-static wp-block-uagb-image--align-center\"><figure class=\"wp-block-uagb-image__figure\"><img decoding=\"async\" srcset=\"https:\/\/bitcuneo.it\/wp-content\/uploads\/2026\/02\/DSC_0169-1024x683.jpg ,https:\/\/bitcuneo.it\/wp-content\/uploads\/2026\/02\/DSC_0169-scaled.jpg 780w, https:\/\/bitcuneo.it\/wp-content\/uploads\/2026\/02\/DSC_0169-scaled.jpg 360w\" sizes=\"auto, (max-width: 480px) 150px\" src=\"https:\/\/bitcuneo.it\/wp-content\/uploads\/2026\/02\/DSC_0169-1024x683.jpg\" alt=\"\" class=\"uag-image-3892\" width=\"1024\" height=\"683\" title=\"DSC_0169\" loading=\"lazy\" role=\"img\"\/><\/figure><\/div>\n<\/div>\n<\/div>\n\n\n\n<div class=\"wp-block-uagb-container uagb-block-1288eb3e\">\n<div class=\"wp-block-uagb-container uagb-block-9fd843c2\">\n<div class=\"wp-block-uagb-image aligncenter uagb-block-580fb7ea wp-block-uagb-image--layout-default wp-block-uagb-image--effect-static wp-block-uagb-image--align-center\"><figure class=\"wp-block-uagb-image__figure\"><img decoding=\"async\" srcset=\"https:\/\/bitcuneo.it\/wp-content\/uploads\/2026\/02\/DSC_0050-1024x683.jpg ,https:\/\/bitcuneo.it\/wp-content\/uploads\/2026\/02\/DSC_0050-scaled.jpg 780w, https:\/\/bitcuneo.it\/wp-content\/uploads\/2026\/02\/DSC_0050-scaled.jpg 360w\" sizes=\"auto, (max-width: 480px) 150px\" src=\"https:\/\/bitcuneo.it\/wp-content\/uploads\/2026\/02\/DSC_0050-1024x683.jpg\" alt=\"\" class=\"uag-image-3889\" width=\"1024\" height=\"683\" title=\"DSC_0050\" loading=\"lazy\" role=\"img\"\/><\/figure><\/div>\n<\/div>\n\n\n\n<div class=\"wp-block-uagb-container uagb-block-135974b5\">\n<div class=\"wp-block-uagb-image aligncenter uagb-block-2ed81c41 wp-block-uagb-image--layout-default wp-block-uagb-image--effect-static wp-block-uagb-image--align-center\"><figure class=\"wp-block-uagb-image__figure\"><img decoding=\"async\" srcset=\"https:\/\/bitcuneo.it\/wp-content\/uploads\/2026\/02\/DSC_0168-1024x683.jpg ,https:\/\/bitcuneo.it\/wp-content\/uploads\/2026\/02\/DSC_0168-scaled.jpg 780w, https:\/\/bitcuneo.it\/wp-content\/uploads\/2026\/02\/DSC_0168-scaled.jpg 360w\" sizes=\"auto, (max-width: 480px) 150px\" src=\"https:\/\/bitcuneo.it\/wp-content\/uploads\/2026\/02\/DSC_0168-1024x683.jpg\" alt=\"\" class=\"uag-image-3891\" width=\"1024\" height=\"683\" title=\"DSC_0168\" loading=\"lazy\" role=\"img\"\/><\/figure><\/div>\n<\/div>\n<\/div>\n<\/div><\/div>\n","protected":false},"excerpt":{"rendered":"<p>BITCUNEO nasce nel 2022 da un gruppo di ragazzi cuneesi appassionati, ognuno a modo suo, al protocollo Bitcoin. L&#8217;obiettivo di BITCUNEO \u00e8 essere un punto di riferimento per la comunit\u00e0 cuneese che sempre pi\u00f9 velocemente si affaccia al mondo di bitcoin proponendo un&#8217;informazione consapevole e incentivando le persone a informarsi in modo autonomo sull&#8217;argomento. Riteniamo [&hellip;]<\/p>\n","protected":false},"author":1,"featured_media":0,"parent":0,"menu_order":0,"comment_status":"closed","ping_status":"closed","template":"","meta":{"_uag_custom_page_level_css":"","site-sidebar-layout":"default","site-content-layout":"","ast-site-content-layout":"default","site-content-style":"default","site-sidebar-style":"default","ast-global-header-display":"","ast-banner-title-visibility":"","ast-main-header-display":"","ast-hfb-above-header-display":"","ast-hfb-below-header-display":"","ast-hfb-mobile-header-display":"","site-post-title":"disabled","ast-breadcrumbs-content":"","ast-featured-img":"","footer-sml-layout":"","ast-disable-related-posts":"","theme-transparent-header-meta":"","adv-header-id-meta":"","stick-header-meta":"","header-above-stick-meta":"","header-main-stick-meta":"","header-below-stick-meta":"","astra-migrate-meta-layouts":"set","ast-page-background-enabled":"default","ast-page-background-meta":{"desktop":{"background-color":"var(--ast-global-color-4)","background-image":"","background-repeat":"repeat","background-position":"center center","background-size":"auto","background-attachment":"scroll","background-type":"","background-media":"","overlay-type":"","overlay-color":"","overlay-opacity":"","overlay-gradient":""},"tablet":{"background-color":"","background-image":"","background-repeat":"repeat","background-position":"center center","background-size":"auto","background-attachment":"scroll","background-type":"","background-media":"","overlay-type":"","overlay-color":"","overlay-opacity":"","overlay-gradient":""},"mobile":{"background-color":"","background-image":"","background-repeat":"repeat","background-position":"center center","background-size":"auto","background-attachment":"scroll","background-type":"","background-media":"","overlay-type":"","overlay-color":"","overlay-opacity":"","overlay-gradient":""}},"ast-content-background-meta":{"desktop":{"background-color":"var(--ast-global-color-5)","background-image":"","background-repeat":"repeat","background-position":"center center","background-size":"auto","background-attachment":"scroll","background-type":"","background-media":"","overlay-type":"","overlay-color":"","overlay-opacity":"","overlay-gradient":""},"tablet":{"background-color":"var(--ast-global-color-5)","background-image":"","background-repeat":"repeat","background-position":"center center","background-size":"auto","background-attachment":"scroll","background-type":"","background-media":"","overlay-type":"","overlay-color":"","overlay-opacity":"","overlay-gradient":""},"mobile":{"background-color":"var(--ast-global-color-5)","background-image":"","background-repeat":"repeat","background-position":"center center","background-size":"auto","background-attachment":"scroll","background-type":"","background-media":"","overlay-type":"","overlay-color":"","overlay-opacity":"","overlay-gradient":""}},"footnotes":""},"class_list":["post-2683","page","type-page","status-publish","hentry"],"yoast_head":"<!-- This site is optimized with the Yoast SEO plugin v24.6 - https:\/\/yoast.com\/wordpress\/plugins\/seo\/ -->\n<title>ABOUT -<\/title>\n<meta name=\"robots\" content=\"index, follow, max-snippet:-1, max-image-preview:large, max-video-preview:-1\" \/>\n<link rel=\"canonical\" href=\"https:\/\/bitcuneo.it\/index.php\/about\/\" \/>\n<meta property=\"og:locale\" content=\"it_IT\" \/>\n<meta property=\"og:type\" content=\"article\" \/>\n<meta property=\"og:title\" content=\"ABOUT -\" \/>\n<meta property=\"og:description\" content=\"BITCUNEO nasce nel 2022 da un gruppo di ragazzi cuneesi appassionati, ognuno a modo suo, al protocollo Bitcoin. L&#8217;obiettivo di BITCUNEO \u00e8 essere un punto di riferimento per la comunit\u00e0 cuneese che sempre pi\u00f9 velocemente si affaccia al mondo di bitcoin proponendo un&#8217;informazione consapevole e incentivando le persone a informarsi in modo autonomo sull&#8217;argomento. Riteniamo [&hellip;]\" \/>\n<meta property=\"og:url\" content=\"https:\/\/bitcuneo.it\/index.php\/about\/\" \/>\n<meta property=\"article:modified_time\" content=\"2026-02-14T13:33:46+00:00\" \/>\n<meta property=\"og:image\" content=\"http:\/\/bitcuneo.it\/wp-content\/uploads\/2023\/12\/Progetto-senza-titolo-1-2-2-2.png\" \/>\n<meta name=\"twitter:card\" content=\"summary_large_image\" \/>\n<meta name=\"twitter:label1\" content=\"Tempo di lettura stimato\" \/>\n\t<meta name=\"twitter:data1\" content=\"5 minuti\" \/>\n<script type=\"application\/ld+json\" class=\"yoast-schema-graph\">{\"@context\":\"https:\/\/schema.org\",\"@graph\":[{\"@type\":\"WebPage\",\"@id\":\"https:\/\/bitcuneo.it\/index.php\/about\/\",\"url\":\"https:\/\/bitcuneo.it\/index.php\/about\/\",\"name\":\"ABOUT -\",\"isPartOf\":{\"@id\":\"https:\/\/bitcuneo.it\/#website\"},\"primaryImageOfPage\":{\"@id\":\"https:\/\/bitcuneo.it\/index.php\/about\/#primaryimage\"},\"image\":{\"@id\":\"https:\/\/bitcuneo.it\/index.php\/about\/#primaryimage\"},\"thumbnailUrl\":\"http:\/\/bitcuneo.it\/wp-content\/uploads\/2023\/12\/Progetto-senza-titolo-1-2-2-2.png\",\"datePublished\":\"2023-05-13T18:15:35+00:00\",\"dateModified\":\"2026-02-14T13:33:46+00:00\",\"breadcrumb\":{\"@id\":\"https:\/\/bitcuneo.it\/index.php\/about\/#breadcrumb\"},\"inLanguage\":\"it-IT\",\"potentialAction\":[{\"@type\":\"ReadAction\",\"target\":[\"https:\/\/bitcuneo.it\/index.php\/about\/\"]}]},{\"@type\":\"ImageObject\",\"inLanguage\":\"it-IT\",\"@id\":\"https:\/\/bitcuneo.it\/index.php\/about\/#primaryimage\",\"url\":\"http:\/\/bitcuneo.it\/wp-content\/uploads\/2023\/12\/Progetto-senza-titolo-1-2-2-2.png\",\"contentUrl\":\"http:\/\/bitcuneo.it\/wp-content\/uploads\/2023\/12\/Progetto-senza-titolo-1-2-2-2.png\"},{\"@type\":\"BreadcrumbList\",\"@id\":\"https:\/\/bitcuneo.it\/index.php\/about\/#breadcrumb\",\"itemListElement\":[{\"@type\":\"ListItem\",\"position\":1,\"name\":\"Home\",\"item\":\"https:\/\/bitcuneo.it\/\"},{\"@type\":\"ListItem\",\"position\":2,\"name\":\"ABOUT\"}]},{\"@type\":\"WebSite\",\"@id\":\"https:\/\/bitcuneo.it\/#website\",\"url\":\"https:\/\/bitcuneo.it\/\",\"name\":\"bitcuneo.it\",\"description\":\"\",\"potentialAction\":[{\"@type\":\"SearchAction\",\"target\":{\"@type\":\"EntryPoint\",\"urlTemplate\":\"https:\/\/bitcuneo.it\/?s={search_term_string}\"},\"query-input\":{\"@type\":\"PropertyValueSpecification\",\"valueRequired\":true,\"valueName\":\"search_term_string\"}}],\"inLanguage\":\"it-IT\"}]}<\/script>\n<!-- \/ Yoast SEO plugin. -->","yoast_head_json":{"title":"ABOUT -","robots":{"index":"index","follow":"follow","max-snippet":"max-snippet:-1","max-image-preview":"max-image-preview:large","max-video-preview":"max-video-preview:-1"},"canonical":"https:\/\/bitcuneo.it\/index.php\/about\/","og_locale":"it_IT","og_type":"article","og_title":"ABOUT -","og_description":"BITCUNEO nasce nel 2022 da un gruppo di ragazzi cuneesi appassionati, ognuno a modo suo, al protocollo Bitcoin. L&#8217;obiettivo di BITCUNEO \u00e8 essere un punto di riferimento per la comunit\u00e0 cuneese che sempre pi\u00f9 velocemente si affaccia al mondo di bitcoin proponendo un&#8217;informazione consapevole e incentivando le persone a informarsi in modo autonomo sull&#8217;argomento. Riteniamo [&hellip;]","og_url":"https:\/\/bitcuneo.it\/index.php\/about\/","article_modified_time":"2026-02-14T13:33:46+00:00","og_image":[{"url":"http:\/\/bitcuneo.it\/wp-content\/uploads\/2023\/12\/Progetto-senza-titolo-1-2-2-2.png","type":"","width":"","height":""}],"twitter_card":"summary_large_image","twitter_misc":{"Tempo di lettura stimato":"5 minuti"},"schema":{"@context":"https:\/\/schema.org","@graph":[{"@type":"WebPage","@id":"https:\/\/bitcuneo.it\/index.php\/about\/","url":"https:\/\/bitcuneo.it\/index.php\/about\/","name":"ABOUT -","isPartOf":{"@id":"https:\/\/bitcuneo.it\/#website"},"primaryImageOfPage":{"@id":"https:\/\/bitcuneo.it\/index.php\/about\/#primaryimage"},"image":{"@id":"https:\/\/bitcuneo.it\/index.php\/about\/#primaryimage"},"thumbnailUrl":"http:\/\/bitcuneo.it\/wp-content\/uploads\/2023\/12\/Progetto-senza-titolo-1-2-2-2.png","datePublished":"2023-05-13T18:15:35+00:00","dateModified":"2026-02-14T13:33:46+00:00","breadcrumb":{"@id":"https:\/\/bitcuneo.it\/index.php\/about\/#breadcrumb"},"inLanguage":"it-IT","potentialAction":[{"@type":"ReadAction","target":["https:\/\/bitcuneo.it\/index.php\/about\/"]}]},{"@type":"ImageObject","inLanguage":"it-IT","@id":"https:\/\/bitcuneo.it\/index.php\/about\/#primaryimage","url":"http:\/\/bitcuneo.it\/wp-content\/uploads\/2023\/12\/Progetto-senza-titolo-1-2-2-2.png","contentUrl":"http:\/\/bitcuneo.it\/wp-content\/uploads\/2023\/12\/Progetto-senza-titolo-1-2-2-2.png"},{"@type":"BreadcrumbList","@id":"https:\/\/bitcuneo.it\/index.php\/about\/#breadcrumb","itemListElement":[{"@type":"ListItem","position":1,"name":"Home","item":"https:\/\/bitcuneo.it\/"},{"@type":"ListItem","position":2,"name":"ABOUT"}]},{"@type":"WebSite","@id":"https:\/\/bitcuneo.it\/#website","url":"https:\/\/bitcuneo.it\/","name":"bitcuneo.it","description":"","potentialAction":[{"@type":"SearchAction","target":{"@type":"EntryPoint","urlTemplate":"https:\/\/bitcuneo.it\/?s={search_term_string}"},"query-input":{"@type":"PropertyValueSpecification","valueRequired":true,"valueName":"search_term_string"}}],"inLanguage":"it-IT"}]}},"uagb_featured_image_src":{"full":false,"thumbnail":false,"medium":false,"medium_large":false,"large":false,"1536x1536":false,"2048x2048":false},"uagb_author_info":{"display_name":"blancheandre123@proton.me","author_link":"https:\/\/bitcuneo.it\/index.php\/author\/blancheandre123proton-me\/"},"uagb_comment_info":0,"uagb_excerpt":"BITCUNEO nasce nel 2022 da un gruppo di ragazzi cuneesi appassionati, ognuno a modo suo, al protocollo Bitcoin. L&#8217;obiettivo di BITCUNEO \u00e8 essere un punto di riferimento per la comunit\u00e0 cuneese che sempre pi\u00f9 velocemente si affaccia al mondo di bitcoin proponendo un&#8217;informazione consapevole e incentivando le persone a informarsi in modo autonomo sull&#8217;argomento. Riteniamo&hellip;","_links":{"self":[{"href":"https:\/\/bitcuneo.it\/index.php\/wp-json\/wp\/v2\/pages\/2683","targetHints":{"allow":["GET"]}}],"collection":[{"href":"https:\/\/bitcuneo.it\/index.php\/wp-json\/wp\/v2\/pages"}],"about":[{"href":"https:\/\/bitcuneo.it\/index.php\/wp-json\/wp\/v2\/types\/page"}],"author":[{"embeddable":true,"href":"https:\/\/bitcuneo.it\/index.php\/wp-json\/wp\/v2\/users\/1"}],"replies":[{"embeddable":true,"href":"https:\/\/bitcuneo.it\/index.php\/wp-json\/wp\/v2\/comments?post=2683"}],"version-history":[{"count":75,"href":"https:\/\/bitcuneo.it\/index.php\/wp-json\/wp\/v2\/pages\/2683\/revisions"}],"predecessor-version":[{"id":3922,"href":"https:\/\/bitcuneo.it\/index.php\/wp-json\/wp\/v2\/pages\/2683\/revisions\/3922"}],"wp:attachment":[{"href":"https:\/\/bitcuneo.it\/index.php\/wp-json\/wp\/v2\/media?parent=2683"}],"curies":[{"name":"wp","href":"https:\/\/api.w.org\/{rel}","templated":true}]}}