{"id":3242,"date":"2023-12-27T16:29:19","date_gmt":"2023-12-27T15:29:19","guid":{"rendered":"https:\/\/bitcuneo.tech\/?page_id=3242"},"modified":"2026-02-23T18:58:56","modified_gmt":"2026-02-23T17:58:56","slug":"eventi","status":"publish","type":"page","link":"https:\/\/bitcuneo.it\/index.php\/eventi\/","title":{"rendered":"EVENTI"},"content":{"rendered":"\n<div class=\"wp-block-uagb-container uagb-layout-grid uagb-block-8e65211e alignfull uagb-is-root-container\"><div class=\"uagb-container-inner-blocks-wrap\">\n<div class=\"wp-block-uagb-container uagb-block-9e699ca1\">\n<h2 class=\"wp-block-heading has-text-align-center has-ast-global-color-5-color has-text-color has-link-color wp-elements-3fc8cc192f3e4747122b487b17966918\">Ecco l&#8217;elenco degli incontri di quest&#8217;anno, ricorda di <strong>prenotare un posto<\/strong> per essere sicuro di sederti! <\/h2>\n\n\n\n<p class=\"has-text-align-center has-medium-font-size\">L&#8217;evento dedicato a Bitcoin si sviluppa su due giorni 13-14 marzo a Cuneo. Il programma si articola in diversi incontri dedicati a pubblici diversi. Il 13 mattina evento per gli studenti delle scuole di Cuneo, nel pomeriggio evento accreditato per avvocati e commercialisti gestito da RPLT, mentre nella giornata di sabato 14 presso il centro incontri della Provincia di Cuneo ci saranno diversi incontri con ospiti importanti del panorama Bitcoin italiano<\/p>\n<\/div>\n\n\n\n<div class=\"wp-block-uagb-separator uagb-block-33d88fe8 uag-hide-tab uag-hide-mob\"><div class=\"wp-block-uagb-separator__inner\" style=\"--my-background-image:\"><\/div><\/div>\n\n\n\n<div class=\"wp-block-uagb-container uagb-block-3a54680a\">\n<h2 class=\"wp-block-heading has-text-align-center has-ast-global-color-5-color has-text-color has-link-color has-medium-font-size wp-elements-79471cfdf2934c3fce66d6b7bd2f357b\">In collaborazione con<\/h2>\n\n\n\n<div class=\"wp-block-uagb-image uagb-block-586c8129 wp-block-uagb-image--layout-default wp-block-uagb-image--effect-static wp-block-uagb-image--align-none\"><figure class=\"wp-block-uagb-image__figure\"><a class=\"\" href=\"https:\/\/bitpolito.it\" target=\"\" rel=\"noopener\"><img decoding=\"async\" srcset=\"https:\/\/bitcuneo.it\/wp-content\/uploads\/2025\/03\/bitpolito.png ,https:\/\/bitcuneo.it\/wp-content\/uploads\/2025\/03\/bitpolito.png 780w, https:\/\/bitcuneo.it\/wp-content\/uploads\/2025\/03\/bitpolito.png 360w\" sizes=\"auto, (max-width: 480px) 150px\" src=\"https:\/\/bitcuneo.it\/wp-content\/uploads\/2025\/03\/bitpolito.png\" alt=\"\" class=\"uag-image-3817\" width=\"399\" height=\"236\" title=\"bitpolito\" loading=\"lazy\" role=\"img\"\/><\/a><\/figure><\/div>\n<\/div>\n<\/div><\/div>\n\n\n\n<div class=\"wp-block-uagb-slider uagb-block-2ab3a10e uagb-slider-container\"><div class=\"uagb-slides uagb-swiper\"><div class=\"swiper-wrapper\">\n<div class=\"wp-block-uagb-slider-child uagb-slider-child-wrap swiper-slide uagb-block-a25a1e16\"><div class=\"swiper-content\">\n<div class=\"wp-block-uagb-container uagb-block-0fcea90a alignfull uagb-is-root-container\"><div class=\"uagb-container-inner-blocks-wrap\">\n<div class=\"wp-block-uagb-info-box uagb-block-5253caf5 uagb-infobox__content-wrap  uagb-infobox-icon-above-title uagb-infobox-image-valign-top\"><div class=\"uagb-ifb-content\"><div class=\"uagb-ifb-title-wrap\"><h3 class=\"uagb-ifb-title\"><strong>BITCOIN A SCUOLA<\/strong>  <strong>(13 MARZO MATTINA)<\/strong><\/h3><\/div><p class=\"uagb-ifb-desc\">Al centro incontri della Provincia di Cuneo, per il secondo anno, BitPolito parla di Bitcoin nelle scuole di Cuneo. Quest&#8217;anno Francesco Pelle (presidente del team studentesco) e Guybrush(co-conduttore di Bitcoin Italia Podcast) parleranno ad alcune classi 5\u00b0 superiori dell&#8217;ITIS Mario Del Pozzo e dell&#8217;ITC Andrea Bonelli nell&#8217;ambito della partecipazione al progetto &#8220;Bitcoin a scuola&#8221;. <\/p><\/div><\/div>\n<\/div><\/div>\n<\/div><\/div>\n\n\n\n<div class=\"wp-block-uagb-slider-child uagb-slider-child-wrap swiper-slide uagb-block-b694371b\"><div class=\"swiper-content\">\n<div class=\"wp-block-uagb-container uagb-block-c883e463 alignfull uagb-is-root-container\"><div class=\"uagb-container-inner-blocks-wrap\">\n<div class=\"wp-block-uagb-info-box uagb-block-1ede967e uagb-infobox__content-wrap  uagb-infobox-icon-above-title uagb-infobox-image-valign-top\"><div class=\"uagb-ifb-content\"><div class=\"uagb-ifb-title-wrap\"><h3 class=\"uagb-ifb-title\"><strong>EVENTO ACCREDITATO PER COMMERCIALISTI E AVVOCATI<\/strong> <strong>(13 MARZO POMERIGGIO)<\/strong><\/h3><\/div><p class=\"uagb-ifb-desc\">Per il secondo anno RPLT presenta un incontro accreditato per commercialisti e avvocati sull&#8217;aggiornamento in materia di crypto asset.<\/p><\/div><\/div>\n<\/div><\/div>\n<\/div><\/div>\n\n\n\n<div class=\"wp-block-uagb-slider-child uagb-slider-child-wrap swiper-slide uagb-block-d5d64d8f\"><div class=\"swiper-content\">\n<div class=\"wp-block-uagb-container uagb-block-189ba6a5 alignfull uagb-is-root-container\"><div class=\"uagb-container-inner-blocks-wrap\">\n<div class=\"wp-block-uagb-info-box uagb-block-eff6e4ee uagb-infobox__content-wrap  uagb-infobox-icon-above-title uagb-infobox-image-valign-top\"><div class=\"uagb-ifb-content\"><div class=\"uagb-ifb-title-wrap\"><h3 class=\"uagb-ifb-title\"><strong>ASPETTI SOCIALI, PRIVACY E SICUREZZA (14 MARZO POMERIGGIO)<\/strong><\/h3><\/div><p class=\"uagb-ifb-desc\">Nel pomeriggio del sabato il professor Danilo Bazzanella(docente del Politecnico di Torino) ci spiegher\u00e0 perch\u00e9 la tecnologia Bitcoin \u00e8 di interesse rilevante per le realt\u00e0 istituzionali. A seguire un panel incentrato sull&#8217;approfondimento di tre aspetti fondamentali di Bitcoin. Ne parleranno Federico Rivi (Co-fondatore e direttore di&nbsp;Atlas21 e autore di  BitcoinTrain), Avv. Martina Granattiero (Of Counsel di 42 Law Firm), Riccardo Margarito e Salvatore Scorsone(membri del team studentesco BitPolito)<\/p><div class=\"uagb-ifb-button-wrapper wp-block-button\"><a href=\"https:\/\/bitcuneo.eventbrite.com\" class=\"uagb-infobox-cta-link wp-block-button__link\" target=\"_self\" rel=\"noopener noreferrer\" onclick=\"return true;\"><span class=\"uagb-inline-editing\">Prenota un posto<\/span><\/a><\/div><\/div><\/div>\n<\/div><\/div>\n<\/div><\/div>\n\n\n\n<div class=\"wp-block-uagb-slider-child uagb-slider-child-wrap swiper-slide uagb-block-690b4662\"><div class=\"swiper-content\">\n<div class=\"wp-block-uagb-info-box uagb-block-5e3a3ec8 uagb-infobox__content-wrap  uagb-infobox-icon-above-title uagb-infobox-image-valign-top\"><div class=\"uagb-ifb-content\"><div class=\"uagb-ifb-title-wrap\"><h3 class=\"uagb-ifb-title\"><strong>BITCOIN E CUSTODIA<\/strong> <strong>(14 MARZO MATTINO)<\/strong><\/h3><\/div><p class=\"uagb-ifb-desc\">Ormai \u00e8 il quarto anno consecutivo ma non ci stanchiamo mai di ascoltarlo. Giorgio Rasetto, co-founder di Bitpolito racconta Bitcoin a tutto tondo, permettendo anche a chi nulla sa sull&#8217;argomento, di farsi un&#8217;idea e trovare gli strumenti per informarsi in autonomia.<br>In seguito Luca Giuliani, developer di BitBox, parler\u00e0 di custodia, evidenziando criticit\u00e0 e soluzioni sull&#8217;argomento<\/p><div class=\"uagb-ifb-button-wrapper wp-block-button\"><a href=\"https:\/\/bitcuneo.eventbrite.com\" class=\"uagb-infobox-cta-link wp-block-button__link\" target=\"_self\" rel=\"noopener noreferrer\" onclick=\"return true;\"><span class=\"uagb-inline-editing\">PRENOTA UN POSTO<\/span><\/a><\/div><\/div><\/div>\n<\/div><\/div>\n\n\n\n<div class=\"wp-block-uagb-slider-child uagb-slider-child-wrap swiper-slide uagb-block-5584e616\"><div class=\"swiper-content\">\n<div class=\"wp-block-uagb-container uagb-block-1941445c alignfull uagb-is-root-container\"><div class=\"uagb-container-inner-blocks-wrap\">\n<div class=\"wp-block-uagb-info-box uagb-block-63caa77f uagb-infobox__content-wrap  uagb-infobox-icon-above-title uagb-infobox-image-valign-top\"><div class=\"uagb-ifb-content\"><div class=\"uagb-ifb-title-wrap\"><h3 class=\"uagb-ifb-title\"><strong>BITPOLITO LAB<\/strong> <strong>(14 MARZO)<\/strong><\/h3><\/div><p class=\"uagb-ifb-desc\">I ragazzi del team studentesco dedicato a Bitcoin del Politecnico di Torino(BitPolito) ci propongono una giornata densa di occasioni per imparare. Durante la giornata di sabato ci presentano un programma che affronta diversi argomenti tecnici. Al mattino un laboratorio interattivo ed al pomeriggio introduzione al mining con Giorgio Rasetto (co-founder del Team e project manager presso Tether) ci introduce al mining, a seguire un intervento di Gabriele Vernetti (co-founder di BitPolito e attualmente sviluppatore per il progetto Stratum V2) e per finire un Panel sul mining moderato dai ragazzi del team.<\/p><div class=\"uagb-ifb-button-wrapper wp-block-button\"><a href=\"https:\/\/bitcuneo.eventbrite.com\" class=\"uagb-infobox-cta-link wp-block-button__link\" target=\"_self\" rel=\"noopener noreferrer\" onclick=\"return true;\"><span class=\"uagb-inline-editing\">Prenota un posto<\/span><\/a><\/div><\/div><\/div>\n<\/div><\/div>\n<\/div><\/div>\n<\/div><\/div><div class=\"swiper-pagination\"><\/div><div class=\"swiper-button-prev\"><\/div><div class=\"swiper-button-next\"><\/div><\/div>\n\n\n\n<h1 class=\"wp-block-heading has-text-align-center has-ast-global-color-5-color has-text-color has-link-color wp-elements-e4573e6bd2f8788b7af78bfa10ea3173\" style=\"font-size:24px\"><strong>MAIN SPONSOR<\/strong><\/h1>\n\n\n\n<div class=\"wp-block-uagb-container uagb-block-2ac3abe1 alignfull uagb-is-root-container\"><div class=\"uagb-container-inner-blocks-wrap\">\n<figure class=\"wp-block-image size-full is-resized\"><a href=\"https:\/\/bitbox.swiss\/it\/\"><img loading=\"lazy\" decoding=\"async\" width=\"679\" height=\"210\" src=\"https:\/\/bitcuneo.it\/wp-content\/uploads\/2025\/03\/bitbox-logo-1.jpg\" alt=\"\" class=\"wp-image-3794\" style=\"width:445px;height:auto\" srcset=\"https:\/\/bitcuneo.it\/wp-content\/uploads\/2025\/03\/bitbox-logo-1.jpg 679w, https:\/\/bitcuneo.it\/wp-content\/uploads\/2025\/03\/bitbox-logo-1-300x93.jpg 300w\" sizes=\"auto, (max-width: 679px) 100vw, 679px\" \/><\/a><\/figure>\n<\/div><\/div>\n\n\n\n<h1 class=\"wp-block-heading has-text-align-center has-ast-global-color-5-color has-text-color has-link-color wp-elements-878f6f1de2a8adb44f28789e7161b360\" style=\"font-size:24px\"><strong>GOLD SPONSOR<\/strong><\/h1>\n\n\n\n<div class=\"wp-block-uagb-container uagb-block-c7bb7815 alignfull uagb-is-root-container\"><div class=\"uagb-container-inner-blocks-wrap\">\n<div class=\"wp-block-uagb-container uagb-block-6972099a\">\n<figure class=\"wp-block-image size-full\"><a href=\"https:\/\/www.rplt.it\/\"><img loading=\"lazy\" decoding=\"async\" width=\"799\" height=\"482\" src=\"https:\/\/bitcuneo.it\/wp-content\/uploads\/2026\/02\/WhatsApp-Image-2026-02-23-at-6.12.45-PM.jpeg\" alt=\"\" class=\"wp-image-3945\" srcset=\"https:\/\/bitcuneo.it\/wp-content\/uploads\/2026\/02\/WhatsApp-Image-2026-02-23-at-6.12.45-PM.jpeg 799w, https:\/\/bitcuneo.it\/wp-content\/uploads\/2026\/02\/WhatsApp-Image-2026-02-23-at-6.12.45-PM-300x181.jpeg 300w, https:\/\/bitcuneo.it\/wp-content\/uploads\/2026\/02\/WhatsApp-Image-2026-02-23-at-6.12.45-PM-768x463.jpeg 768w\" sizes=\"auto, (max-width: 799px) 100vw, 799px\" \/><\/a><\/figure>\n<\/div>\n\n\n\n<div class=\"wp-block-uagb-container uagb-block-dcf6bd98\">\n<figure class=\"wp-block-image size-full\"><a href=\"https:\/\/youngplatform.com\/\"><img loading=\"lazy\" decoding=\"async\" width=\"544\" height=\"180\" src=\"https:\/\/bitcuneo.it\/wp-content\/uploads\/2025\/03\/YP_Compatto.png\" alt=\"\" class=\"wp-image-3778\" srcset=\"https:\/\/bitcuneo.it\/wp-content\/uploads\/2025\/03\/YP_Compatto.png 544w, https:\/\/bitcuneo.it\/wp-content\/uploads\/2025\/03\/YP_Compatto-300x99.png 300w\" sizes=\"auto, (max-width: 544px) 100vw, 544px\" \/><\/a><\/figure>\n<\/div>\n<\/div><\/div>\n\n\n\n<h1 class=\"wp-block-heading has-text-align-center has-ast-global-color-5-color has-text-color has-link-color wp-elements-2c222b92e1a3f14a47b5291676f5afaf\" style=\"font-size:24px\"><strong>SILVER SPONSOR<\/strong><\/h1>\n\n\n\n<div class=\"wp-block-uagb-container uagb-block-d2f57db8 alignfull uagb-is-root-container\"><div class=\"uagb-container-inner-blocks-wrap\">\n<div class=\"wp-block-uagb-container uagb-block-703b3da3\">\n<figure class=\"wp-block-image size-full is-resized\"><a href=\"https:\/\/www.salewa.com\/it-it\/salewa-store-cuneo\"><img loading=\"lazy\" decoding=\"async\" width=\"266\" height=\"187\" src=\"https:\/\/bitcuneo.it\/wp-content\/uploads\/2026\/02\/salewa_store_logo_d63a16e8-02f2-4bc5-b4cf-904448f4fa59.gif\" alt=\"\" class=\"wp-image-3931\" style=\"width:273px;height:auto\"\/><\/a><\/figure>\n<\/div>\n\n\n\n<div class=\"wp-block-uagb-container uagb-block-f5ba90da\">\n<figure class=\"wp-block-image size-full is-resized\"><a href=\"https:\/\/www.tuttostampalab.com\/it\/home.html.php\"><img loading=\"lazy\" decoding=\"async\" width=\"723\" height=\"720\" src=\"https:\/\/bitcuneo.it\/wp-content\/uploads\/2025\/03\/ok-logo-2-1.png\" alt=\"\" class=\"wp-image-3809\" style=\"aspect-ratio:1;object-fit:contain;width:193px;height:auto\" srcset=\"https:\/\/bitcuneo.it\/wp-content\/uploads\/2025\/03\/ok-logo-2-1.png 723w, https:\/\/bitcuneo.it\/wp-content\/uploads\/2025\/03\/ok-logo-2-1-300x300.png 300w, https:\/\/bitcuneo.it\/wp-content\/uploads\/2025\/03\/ok-logo-2-1-150x150.png 150w\" sizes=\"auto, (max-width: 723px) 100vw, 723px\" \/><\/a><\/figure>\n<\/div>\n\n\n\n<div class=\"wp-block-uagb-container uagb-block-94ab3ba5\">\n<figure class=\"wp-block-image size-full is-resized\"><a href=\"https:\/\/isoardi.me\/\"><img loading=\"lazy\" decoding=\"async\" width=\"600\" height=\"600\" src=\"https:\/\/bitcuneo.it\/wp-content\/uploads\/2026\/02\/logo-Luca-Isoardi.png\" alt=\"\" class=\"wp-image-3932\" style=\"width:200px;height:auto\" srcset=\"https:\/\/bitcuneo.it\/wp-content\/uploads\/2026\/02\/logo-Luca-Isoardi.png 600w, https:\/\/bitcuneo.it\/wp-content\/uploads\/2026\/02\/logo-Luca-Isoardi-300x300.png 300w, https:\/\/bitcuneo.it\/wp-content\/uploads\/2026\/02\/logo-Luca-Isoardi-150x150.png 150w\" sizes=\"auto, (max-width: 600px) 100vw, 600px\" \/><\/a><\/figure>\n<\/div>\n\n\n\n<div class=\"wp-block-uagb-container uagb-block-38648e90\">\n<figure class=\"wp-block-image size-full is-resized\"><a href=\"https:\/\/www.btcpayserver.it\/\"><img loading=\"lazy\" decoding=\"async\" width=\"300\" height=\"200\" src=\"https:\/\/bitcuneo.it\/wp-content\/uploads\/2026\/02\/PHOTO-2026-02-18-15-43-16-1.jpg\" alt=\"\" class=\"wp-image-3943\" style=\"width:310px;height:auto\"\/><\/a><\/figure>\n<\/div>\n\n\n\n<div class=\"wp-block-uagb-container uagb-block-6a07a2ef\">\n<figure class=\"wp-block-image size-large is-resized\"><a href=\"https:\/\/ristorantedanona.it\/\"><img loading=\"lazy\" decoding=\"async\" width=\"1024\" height=\"1024\" src=\"https:\/\/bitcuneo.it\/wp-content\/uploads\/2026\/02\/daNona_Logo_N.jpg-1024x1024.jpeg\" alt=\"\" class=\"wp-image-3950\" style=\"width:207px;height:auto\" srcset=\"https:\/\/bitcuneo.it\/wp-content\/uploads\/2026\/02\/daNona_Logo_N.jpg-1024x1024.jpeg 1024w, https:\/\/bitcuneo.it\/wp-content\/uploads\/2026\/02\/daNona_Logo_N.jpg-300x300.jpeg 300w, https:\/\/bitcuneo.it\/wp-content\/uploads\/2026\/02\/daNona_Logo_N.jpg-150x150.jpeg 150w, https:\/\/bitcuneo.it\/wp-content\/uploads\/2026\/02\/daNona_Logo_N.jpg-768x768.jpeg 768w, https:\/\/bitcuneo.it\/wp-content\/uploads\/2026\/02\/daNona_Logo_N.jpg.jpeg 1080w\" sizes=\"auto, (max-width: 1024px) 100vw, 1024px\" \/><\/a><\/figure>\n<\/div>\n<\/div><\/div>\n","protected":false},"excerpt":{"rendered":"<p>Ecco l&#8217;elenco degli incontri di quest&#8217;anno, ricorda di prenotare un posto per essere sicuro di sederti! L&#8217;evento dedicato a Bitcoin si sviluppa su due giorni 13-14 marzo a Cuneo. Il programma si articola in diversi incontri dedicati a pubblici diversi. Il 13 mattina evento per gli studenti delle scuole di Cuneo, nel pomeriggio evento accreditato [&hellip;]<\/p>\n","protected":false},"author":1,"featured_media":0,"parent":0,"menu_order":0,"comment_status":"closed","ping_status":"closed","template":"","meta":{"_uag_custom_page_level_css":"","site-sidebar-layout":"default","site-content-layout":"","ast-site-content-layout":"default","site-content-style":"default","site-sidebar-style":"default","ast-global-header-display":"","ast-banner-title-visibility":"","ast-main-header-display":"","ast-hfb-above-header-display":"","ast-hfb-below-header-display":"","ast-hfb-mobile-header-display":"","site-post-title":"disabled","ast-breadcrumbs-content":"","ast-featured-img":"","footer-sml-layout":"","ast-disable-related-posts":"","theme-transparent-header-meta":"","adv-header-id-meta":"","stick-header-meta":"","header-above-stick-meta":"","header-main-stick-meta":"","header-below-stick-meta":"","astra-migrate-meta-layouts":"set","ast-page-background-enabled":"default","ast-page-background-meta":{"desktop":{"background-color":"var(--ast-global-color-4)","background-image":"","background-repeat":"repeat","background-position":"center center","background-size":"auto","background-attachment":"scroll","background-type":"","background-media":"","overlay-type":"","overlay-color":"","overlay-opacity":"","overlay-gradient":""},"tablet":{"background-color":"","background-image":"","background-repeat":"repeat","background-position":"center center","background-size":"auto","background-attachment":"scroll","background-type":"","background-media":"","overlay-type":"","overlay-color":"","overlay-opacity":"","overlay-gradient":""},"mobile":{"background-color":"","background-image":"","background-repeat":"repeat","background-position":"center center","background-size":"auto","background-attachment":"scroll","background-type":"","background-media":"","overlay-type":"","overlay-color":"","overlay-opacity":"","overlay-gradient":""}},"ast-content-background-meta":{"desktop":{"background-color":"var(--ast-global-color-5)","background-image":"","background-repeat":"repeat","background-position":"center center","background-size":"auto","background-attachment":"scroll","background-type":"","background-media":"","overlay-type":"","overlay-color":"","overlay-opacity":"","overlay-gradient":""},"tablet":{"background-color":"var(--ast-global-color-5)","background-image":"","background-repeat":"repeat","background-position":"center center","background-size":"auto","background-attachment":"scroll","background-type":"","background-media":"","overlay-type":"","overlay-color":"","overlay-opacity":"","overlay-gradient":""},"mobile":{"background-color":"var(--ast-global-color-5)","background-image":"","background-repeat":"repeat","background-position":"center center","background-size":"auto","background-attachment":"scroll","background-type":"","background-media":"","overlay-type":"","overlay-color":"","overlay-opacity":"","overlay-gradient":""}},"footnotes":""},"class_list":["post-3242","page","type-page","status-publish","hentry"],"yoast_head":"<!-- This site is optimized with the Yoast SEO plugin v24.6 - https:\/\/yoast.com\/wordpress\/plugins\/seo\/ -->\n<title>EVENTI -<\/title>\n<meta name=\"robots\" content=\"index, follow, max-snippet:-1, max-image-preview:large, max-video-preview:-1\" \/>\n<link rel=\"canonical\" href=\"https:\/\/bitcuneo.it\/index.php\/eventi\/\" \/>\n<meta property=\"og:locale\" content=\"it_IT\" \/>\n<meta property=\"og:type\" content=\"article\" \/>\n<meta property=\"og:title\" content=\"EVENTI -\" \/>\n<meta property=\"og:description\" content=\"Ecco l&#8217;elenco degli incontri di quest&#8217;anno, ricorda di prenotare un posto per essere sicuro di sederti! L&#8217;evento dedicato a Bitcoin si sviluppa su due giorni 13-14 marzo a Cuneo. Il programma si articola in diversi incontri dedicati a pubblici diversi. Il 13 mattina evento per gli studenti delle scuole di Cuneo, nel pomeriggio evento accreditato [&hellip;]\" \/>\n<meta property=\"og:url\" content=\"https:\/\/bitcuneo.it\/index.php\/eventi\/\" \/>\n<meta property=\"article:modified_time\" content=\"2026-02-23T17:58:56+00:00\" \/>\n<meta property=\"og:image\" content=\"https:\/\/bitcuneo.it\/wp-content\/uploads\/2025\/03\/bitpolito.png\" \/>\n<meta name=\"twitter:card\" content=\"summary_large_image\" \/>\n<meta name=\"twitter:label1\" content=\"Tempo di lettura stimato\" \/>\n\t<meta name=\"twitter:data1\" content=\"5 minuti\" \/>\n<script type=\"application\/ld+json\" class=\"yoast-schema-graph\">{\"@context\":\"https:\/\/schema.org\",\"@graph\":[{\"@type\":\"WebPage\",\"@id\":\"https:\/\/bitcuneo.it\/index.php\/eventi\/\",\"url\":\"https:\/\/bitcuneo.it\/index.php\/eventi\/\",\"name\":\"EVENTI -\",\"isPartOf\":{\"@id\":\"https:\/\/bitcuneo.it\/#website\"},\"primaryImageOfPage\":{\"@id\":\"https:\/\/bitcuneo.it\/index.php\/eventi\/#primaryimage\"},\"image\":{\"@id\":\"https:\/\/bitcuneo.it\/index.php\/eventi\/#primaryimage\"},\"thumbnailUrl\":\"https:\/\/bitcuneo.it\/wp-content\/uploads\/2025\/03\/bitpolito.png\",\"datePublished\":\"2023-12-27T15:29:19+00:00\",\"dateModified\":\"2026-02-23T17:58:56+00:00\",\"breadcrumb\":{\"@id\":\"https:\/\/bitcuneo.it\/index.php\/eventi\/#breadcrumb\"},\"inLanguage\":\"it-IT\",\"potentialAction\":[{\"@type\":\"ReadAction\",\"target\":[\"https:\/\/bitcuneo.it\/index.php\/eventi\/\"]}]},{\"@type\":\"ImageObject\",\"inLanguage\":\"it-IT\",\"@id\":\"https:\/\/bitcuneo.it\/index.php\/eventi\/#primaryimage\",\"url\":\"https:\/\/bitcuneo.it\/wp-content\/uploads\/2025\/03\/bitpolito.png\",\"contentUrl\":\"https:\/\/bitcuneo.it\/wp-content\/uploads\/2025\/03\/bitpolito.png\",\"width\":399,\"height\":236},{\"@type\":\"BreadcrumbList\",\"@id\":\"https:\/\/bitcuneo.it\/index.php\/eventi\/#breadcrumb\",\"itemListElement\":[{\"@type\":\"ListItem\",\"position\":1,\"name\":\"Home\",\"item\":\"https:\/\/bitcuneo.it\/\"},{\"@type\":\"ListItem\",\"position\":2,\"name\":\"EVENTI\"}]},{\"@type\":\"WebSite\",\"@id\":\"https:\/\/bitcuneo.it\/#website\",\"url\":\"https:\/\/bitcuneo.it\/\",\"name\":\"bitcuneo.it\",\"description\":\"\",\"potentialAction\":[{\"@type\":\"SearchAction\",\"target\":{\"@type\":\"EntryPoint\",\"urlTemplate\":\"https:\/\/bitcuneo.it\/?s={search_term_string}\"},\"query-input\":{\"@type\":\"PropertyValueSpecification\",\"valueRequired\":true,\"valueName\":\"search_term_string\"}}],\"inLanguage\":\"it-IT\"}]}<\/script>\n<!-- \/ Yoast SEO plugin. -->","yoast_head_json":{"title":"EVENTI -","robots":{"index":"index","follow":"follow","max-snippet":"max-snippet:-1","max-image-preview":"max-image-preview:large","max-video-preview":"max-video-preview:-1"},"canonical":"https:\/\/bitcuneo.it\/index.php\/eventi\/","og_locale":"it_IT","og_type":"article","og_title":"EVENTI -","og_description":"Ecco l&#8217;elenco degli incontri di quest&#8217;anno, ricorda di prenotare un posto per essere sicuro di sederti! L&#8217;evento dedicato a Bitcoin si sviluppa su due giorni 13-14 marzo a Cuneo. Il programma si articola in diversi incontri dedicati a pubblici diversi. Il 13 mattina evento per gli studenti delle scuole di Cuneo, nel pomeriggio evento accreditato [&hellip;]","og_url":"https:\/\/bitcuneo.it\/index.php\/eventi\/","article_modified_time":"2026-02-23T17:58:56+00:00","og_image":[{"url":"https:\/\/bitcuneo.it\/wp-content\/uploads\/2025\/03\/bitpolito.png","type":"","width":"","height":""}],"twitter_card":"summary_large_image","twitter_misc":{"Tempo di lettura stimato":"5 minuti"},"schema":{"@context":"https:\/\/schema.org","@graph":[{"@type":"WebPage","@id":"https:\/\/bitcuneo.it\/index.php\/eventi\/","url":"https:\/\/bitcuneo.it\/index.php\/eventi\/","name":"EVENTI -","isPartOf":{"@id":"https:\/\/bitcuneo.it\/#website"},"primaryImageOfPage":{"@id":"https:\/\/bitcuneo.it\/index.php\/eventi\/#primaryimage"},"image":{"@id":"https:\/\/bitcuneo.it\/index.php\/eventi\/#primaryimage"},"thumbnailUrl":"https:\/\/bitcuneo.it\/wp-content\/uploads\/2025\/03\/bitpolito.png","datePublished":"2023-12-27T15:29:19+00:00","dateModified":"2026-02-23T17:58:56+00:00","breadcrumb":{"@id":"https:\/\/bitcuneo.it\/index.php\/eventi\/#breadcrumb"},"inLanguage":"it-IT","potentialAction":[{"@type":"ReadAction","target":["https:\/\/bitcuneo.it\/index.php\/eventi\/"]}]},{"@type":"ImageObject","inLanguage":"it-IT","@id":"https:\/\/bitcuneo.it\/index.php\/eventi\/#primaryimage","url":"https:\/\/bitcuneo.it\/wp-content\/uploads\/2025\/03\/bitpolito.png","contentUrl":"https:\/\/bitcuneo.it\/wp-content\/uploads\/2025\/03\/bitpolito.png","width":399,"height":236},{"@type":"BreadcrumbList","@id":"https:\/\/bitcuneo.it\/index.php\/eventi\/#breadcrumb","itemListElement":[{"@type":"ListItem","position":1,"name":"Home","item":"https:\/\/bitcuneo.it\/"},{"@type":"ListItem","position":2,"name":"EVENTI"}]},{"@type":"WebSite","@id":"https:\/\/bitcuneo.it\/#website","url":"https:\/\/bitcuneo.it\/","name":"bitcuneo.it","description":"","potentialAction":[{"@type":"SearchAction","target":{"@type":"EntryPoint","urlTemplate":"https:\/\/bitcuneo.it\/?s={search_term_string}"},"query-input":{"@type":"PropertyValueSpecification","valueRequired":true,"valueName":"search_term_string"}}],"inLanguage":"it-IT"}]}},"uagb_featured_image_src":{"full":false,"thumbnail":false,"medium":false,"medium_large":false,"large":false,"1536x1536":false,"2048x2048":false},"uagb_author_info":{"display_name":"blancheandre123@proton.me","author_link":"https:\/\/bitcuneo.it\/index.php\/author\/blancheandre123proton-me\/"},"uagb_comment_info":0,"uagb_excerpt":"Ecco l&#8217;elenco degli incontri di quest&#8217;anno, ricorda di prenotare un posto per essere sicuro di sederti! L&#8217;evento dedicato a Bitcoin si sviluppa su due giorni 13-14 marzo a Cuneo. Il programma si articola in diversi incontri dedicati a pubblici diversi. Il 13 mattina evento per gli studenti delle scuole di Cuneo, nel pomeriggio evento accreditato&hellip;","_links":{"self":[{"href":"https:\/\/bitcuneo.it\/index.php\/wp-json\/wp\/v2\/pages\/3242","targetHints":{"allow":["GET"]}}],"collection":[{"href":"https:\/\/bitcuneo.it\/index.php\/wp-json\/wp\/v2\/pages"}],"about":[{"href":"https:\/\/bitcuneo.it\/index.php\/wp-json\/wp\/v2\/types\/page"}],"author":[{"embeddable":true,"href":"https:\/\/bitcuneo.it\/index.php\/wp-json\/wp\/v2\/users\/1"}],"replies":[{"embeddable":true,"href":"https:\/\/bitcuneo.it\/index.php\/wp-json\/wp\/v2\/comments?post=3242"}],"version-history":[{"count":154,"href":"https:\/\/bitcuneo.it\/index.php\/wp-json\/wp\/v2\/pages\/3242\/revisions"}],"predecessor-version":[{"id":3995,"href":"https:\/\/bitcuneo.it\/index.php\/wp-json\/wp\/v2\/pages\/3242\/revisions\/3995"}],"wp:attachment":[{"href":"https:\/\/bitcuneo.it\/index.php\/wp-json\/wp\/v2\/media?parent=3242"}],"curies":[{"name":"wp","href":"https:\/\/api.w.org\/{rel}","templated":true}]}}